{"id":1382,"date":"2023-06-28T22:18:37","date_gmt":"2023-06-28T22:18:37","guid":{"rendered":"https:\/\/dev-www.glocurrency.com\/?page_id=1382"},"modified":"2023-07-31T23:07:34","modified_gmt":"2023-07-31T23:07:34","slug":"career","status":"publish","type":"page","link":"https:\/\/glocurrency.com\/fr\/career\/","title":{"rendered":"Career"},"content":{"rendered":"<div data-elementor-type=\"wp-page\" data-elementor-id=\"1382\" class=\"elementor elementor-1382\" data-elementor-post-type=\"page\">\n\t\t\t\t<div class=\"elementor-element elementor-element-16720c2 e-flex e-con-boxed wpr-particle-no wpr-jarallax-no wpr-parallax-no wpr-sticky-section-no e-con e-parent\" data-id=\"16720c2\" data-element_type=\"container\" data-e-type=\"container\" data-settings=\"{&quot;background_background&quot;:&quot;gradient&quot;}\">\n\t\t\t\t\t<div class=\"e-con-inner\">\n\t\t<div class=\"elementor-element elementor-element-ab36654 e-flex e-con-boxed wpr-particle-no wpr-jarallax-no wpr-parallax-no wpr-sticky-section-no e-con e-parent\" data-id=\"ab36654\" data-element_type=\"container\" data-e-type=\"container\">\n\t\t\t\t\t<div class=\"e-con-inner\">\n\t\t\t\t<div class=\"elementor-element elementor-element-f10d4e9 elementor-widget elementor-widget-heading\" data-id=\"f10d4e9\" data-element_type=\"widget\" data-e-type=\"widget\" data-widget_type=\"heading.default\">\n\t\t\t\t<div class=\"elementor-widget-container\">\n\t\t\t\t\t<h6 class=\"elementor-heading-title elementor-size-default\">Carri\u00e8res<\/h6>\t\t\t\t<\/div>\n\t\t\t\t<\/div>\n\t\t\t\t<div class=\"elementor-element elementor-element-80f8c54 elementor-widget elementor-widget-heading\" data-id=\"80f8c54\" data-element_type=\"widget\" data-e-type=\"widget\" data-widget_type=\"heading.default\">\n\t\t\t\t<div class=\"elementor-widget-container\">\n\t\t\t\t\t<h1 class=\"elementor-heading-title elementor-size-default\">Rejoignez notre \u00e9quipe<\/h1>\t\t\t\t<\/div>\n\t\t\t\t<\/div>\n\t\t\t\t\t<\/div>\n\t\t\t\t<\/div>\n\t\t\t\t\t<\/div>\n\t\t\t\t<\/div>\n\t\t<div class=\"elementor-element elementor-element-7553aba e-flex e-con-boxed wpr-particle-no wpr-jarallax-no wpr-parallax-no wpr-sticky-section-no e-con e-parent\" data-id=\"7553aba\" data-element_type=\"container\" data-e-type=\"container\">\n\t\t\t\t\t<div class=\"e-con-inner\">\n\t\t\t\t<div class=\"elementor-element elementor-element-43d27ef elementor-widget elementor-widget-shortcode\" data-id=\"43d27ef\" data-element_type=\"widget\" data-e-type=\"widget\" data-widget_type=\"shortcode.default\">\n\t\t\t\t<div class=\"elementor-widget-container\">\n\t\t\t\t\t\t\t<div class=\"elementor-shortcode\"><div class=\"job_listings\" data-location=\"\" data-keywords=\"\" data-show_filters=\"true\" data-show_pagination=\"false\" data-per_page=\"10\" data-orderby=\"featured\" data-order=\"DESC\" data-categories=\"\" data-disable-form-state-storage=\"\" data-featured_first=\"false\" data-post_id=\"1382\" >\n<form class=\"job_filters\" action=\"\">\n\t\n\t<div class=\"search_jobs\">\n\t\t\n\t\t<div class=\"search_keywords\">\n\t\t\t<label for=\"search_keywords\">Mots-cl\u00e9s<\/label>\n\t\t\t<input type=\"text\" name=\"search_keywords\" id=\"search_keywords\" placeholder=\"Mots-cl\u00e9s\" value=\"\" \/>\n\t\t<\/div>\n\n\t\t<div class=\"search_location\">\n\t\t\t<label for=\"search_location\">Localisation<\/label>\n\t\t\t<input type=\"text\" name=\"search_location\" id=\"search_location\" placeholder=\"Localisation\" value=\"\" \/>\n\t\t<\/div>\n\n\t\t\t\t\t<div class=\"search_remote_position\">\n\t\t\t\t<input type=\"checkbox\" class=\"input-checkbox\" name=\"remote_position\" id=\"remote_position\" placeholder=\"Localisation\" value=\"1\"  \/>\n\t\t\t\t<label for=\"remote_position\" id=\"remote_position_label\">Postes en t\u00e9l\u00e9travail uniquement<\/label>\n\t\t\t<\/div>\n\t\t\n\t\t<div style=\"clear: both\"><\/div>\n\n\t\t\n\t\t\t\t\t<div class=\"search_submit\">\n\t\t\t\t<input type=\"submit\" value=\"Rechercher des offres d\u2019emploi\">\n\t\t\t<\/div>\n\t\t\n\t\t\t<\/div>\n\n\t\t<ul class=\"job_types\">\n\t\t\t\t\t<li><label for=\"job_type_freelance\" class=\"freelance\"><input type=\"checkbox\" name=\"filter_job_type[]\" value=\"freelance\"  checked='checked' id=\"job_type_freelance\" \/> Free-lance<\/label><\/li>\n\t\t\t\t\t<li><label for=\"job_type_full-time\" class=\"full-time\"><input type=\"checkbox\" name=\"filter_job_type[]\" value=\"full-time\"  checked='checked' id=\"job_type_full-time\" \/> \u00c0 temps plein<\/label><\/li>\n\t\t\t\t\t<li><label for=\"job_type_internship\" class=\"internship\"><input type=\"checkbox\" name=\"filter_job_type[]\" value=\"internship\"  checked='checked' id=\"job_type_internship\" \/> Stage<\/label><\/li>\n\t\t\t\t\t<li><label for=\"job_type_part-time\" class=\"part-time\"><input type=\"checkbox\" name=\"filter_job_type[]\" value=\"part-time\"  checked='checked' id=\"job_type_part-time\" \/> \u00c0 temps partiel<\/label><\/li>\n\t\t\t\t\t<li><label for=\"job_type_temporary\" class=\"temporary\"><input type=\"checkbox\" name=\"filter_job_type[]\" value=\"temporary\"  checked='checked' id=\"job_type_temporary\" \/> Temporaire<\/label><\/li>\n\t\t\t<\/ul>\n\t<input type=\"hidden\" name=\"filter_job_type[]\" value=\"\" \/>\n<div class=\"showing_jobs\"><\/div><input type=\"hidden\" name=\"trp-form-language\" value=\"fr\"\/><\/form>\n\n\n<noscript>Votre navigateur ne supporte pas JavaScript, ou bien JavaScript est d\u00e9sactiv\u00e9. JavaScript doit \u00eatre activ\u00e9 pour pouvoir visualiser des postes.<\/noscript>\n<ul class=\"job_listings\">\n<\/ul>\n<a class=\"load_more_jobs\" href=\"#\" style=\"display:none;\"><strong>Afficher plus d\u2019offres<\/strong><\/a><\/div><\/div>\n\t\t\t\t\t\t<\/div>\n\t\t\t\t<\/div>\n\t\t\t\t\t<\/div>\n\t\t\t\t<\/div>\n\t\t\t\t<\/div>","protected":false},"excerpt":{"rendered":"<p>Careers Join Our Team<\/p>","protected":false},"author":1,"featured_media":2787,"parent":0,"menu_order":0,"comment_status":"closed","ping_status":"closed","template":"","meta":{"site-sidebar-layout":"no-sidebar","site-content-layout":"page-builder","ast-site-content-layout":"default","site-content-style":"default","site-sidebar-style":"default","ast-global-header-display":"","ast-banner-title-visibility":"","ast-main-header-display":"","ast-hfb-above-header-display":"","ast-hfb-below-header-display":"","ast-hfb-mobile-header-display":"","site-post-title":"disabled","ast-breadcrumbs-content":"","ast-featured-img":"disabled","footer-sml-layout":"","ast-disable-related-posts":"","theme-transparent-header-meta":"","adv-header-id-meta":"","stick-header-meta":"","header-above-stick-meta":"","header-main-stick-meta":"","header-below-stick-meta":"","astra-migrate-meta-layouts":"default","ast-page-background-enabled":"default","ast-page-background-meta":{"desktop":{"background-color":"var(--ast-global-color-4)","background-image":"","background-repeat":"repeat","background-position":"center center","background-size":"auto","background-attachment":"scroll","background-type":"","background-media":"","overlay-type":"","overlay-color":"","overlay-opacity":"","overlay-gradient":""},"tablet":{"background-color":"","background-image":"","background-repeat":"repeat","background-position":"center center","background-size":"auto","background-attachment":"scroll","background-type":"","background-media":"","overlay-type":"","overlay-color":"","overlay-opacity":"","overlay-gradient":""},"mobile":{"background-color":"","background-image":"","background-repeat":"repeat","background-position":"center center","background-size":"auto","background-attachment":"scroll","background-type":"","background-media":"","overlay-type":"","overlay-color":"","overlay-opacity":"","overlay-gradient":""}},"ast-content-background-meta":{"desktop":{"background-color":"var(--ast-global-color-5)","background-image":"","background-repeat":"repeat","background-position":"center center","background-size":"auto","background-attachment":"scroll","background-type":"","background-media":"","overlay-type":"","overlay-color":"","overlay-opacity":"","overlay-gradient":""},"tablet":{"background-color":"var(--ast-global-color-5)","background-image":"","background-repeat":"repeat","background-position":"center center","background-size":"auto","background-attachment":"scroll","background-type":"","background-media":"","overlay-type":"","overlay-color":"","overlay-opacity":"","overlay-gradient":""},"mobile":{"background-color":"var(--ast-global-color-5)","background-image":"","background-repeat":"repeat","background-position":"center center","background-size":"auto","background-attachment":"scroll","background-type":"","background-media":"","overlay-type":"","overlay-color":"","overlay-opacity":"","overlay-gradient":""}},"footnotes":""},"class_list":["post-1382","page","type-page","status-publish","has-post-thumbnail","hentry"],"yoast_head":"<!-- This site is optimized with the Yoast SEO plugin v27.4 - https:\/\/yoast.com\/product\/yoast-seo-wordpress\/ -->\n<title>Career - Glo Currency<\/title>\n<meta name=\"description\" content=\"Join our ever-growing team at Glo Currency. Visit our careers page and find out which role you qualify for.\" \/>\n<meta name=\"robots\" content=\"index, follow, max-snippet:-1, max-image-preview:large, max-video-preview:-1\" \/>\n<link rel=\"canonical\" href=\"https:\/\/glocurrency.com\/fr\/career\/\" \/>\n<meta property=\"og:locale\" content=\"fr_FR\" \/>\n<meta property=\"og:type\" content=\"article\" \/>\n<meta property=\"og:title\" content=\"Career - Glo Currency\" \/>\n<meta property=\"og:description\" content=\"Join our ever-growing team at Glo Currency. Visit our careers page and find out which role you qualify for.\" \/>\n<meta property=\"og:url\" content=\"https:\/\/glocurrency.com\/fr\/career\/\" \/>\n<meta property=\"og:site_name\" content=\"Glo Currency\" \/>\n<meta property=\"article:publisher\" content=\"https:\/\/www.facebook.com\/GloCurrency\" \/>\n<meta property=\"article:modified_time\" content=\"2023-07-31T23:07:34+00:00\" \/>\n<meta property=\"og:image\" content=\"https:\/\/glocurrency.com\/wp-content\/uploads\/2023\/07\/Site-Image_2-01-scaled.webp\" \/>\n\t<meta property=\"og:image:width\" content=\"2560\" \/>\n\t<meta property=\"og:image:height\" content=\"2556\" \/>\n\t<meta property=\"og:image:type\" content=\"image\/webp\" \/>\n<meta name=\"twitter:card\" content=\"summary_large_image\" \/>\n<meta name=\"twitter:label1\" content=\"Dur\u00e9e de lecture estim\u00e9e\" \/>\n\t<meta name=\"twitter:data1\" content=\"1 minute\" \/>\n<script type=\"application\/ld+json\" class=\"yoast-schema-graph\">{\"@context\":\"https:\\\/\\\/schema.org\",\"@graph\":[{\"@type\":\"WebPage\",\"@id\":\"https:\\\/\\\/glocurrency.com\\\/career\\\/\",\"url\":\"https:\\\/\\\/glocurrency.com\\\/career\\\/\",\"name\":\"Career - Glo Currency\",\"isPartOf\":{\"@id\":\"\\\/#website\"},\"primaryImageOfPage\":{\"@id\":\"https:\\\/\\\/glocurrency.com\\\/career\\\/#primaryimage\"},\"image\":{\"@id\":\"https:\\\/\\\/glocurrency.com\\\/career\\\/#primaryimage\"},\"thumbnailUrl\":\"https:\\\/\\\/glocurrency.com\\\/wp-content\\\/uploads\\\/2023\\\/07\\\/Site-Image_2-01-scaled.webp\",\"datePublished\":\"2023-06-28T22:18:37+00:00\",\"dateModified\":\"2023-07-31T23:07:34+00:00\",\"description\":\"Join our ever-growing team at Glo Currency. Visit our careers page and find out which role you qualify for.\",\"breadcrumb\":{\"@id\":\"https:\\\/\\\/glocurrency.com\\\/career\\\/#breadcrumb\"},\"inLanguage\":\"fr-FR\",\"potentialAction\":[{\"@type\":\"ReadAction\",\"target\":[\"https:\\\/\\\/glocurrency.com\\\/career\\\/\"]}]},{\"@type\":\"ImageObject\",\"inLanguage\":\"fr-FR\",\"@id\":\"https:\\\/\\\/glocurrency.com\\\/career\\\/#primaryimage\",\"url\":\"https:\\\/\\\/glocurrency.com\\\/wp-content\\\/uploads\\\/2023\\\/07\\\/Site-Image_2-01-scaled.webp\",\"contentUrl\":\"https:\\\/\\\/glocurrency.com\\\/wp-content\\\/uploads\\\/2023\\\/07\\\/Site-Image_2-01-scaled.webp\",\"width\":2560,\"height\":2556,\"caption\":\"Save money on transfers & payments at great rates in multiple currencies. Glo Currency will help you make payments to anywhere on the globe.\"},{\"@type\":\"BreadcrumbList\",\"@id\":\"https:\\\/\\\/glocurrency.com\\\/career\\\/#breadcrumb\",\"itemListElement\":[{\"@type\":\"ListItem\",\"position\":1,\"name\":\"Home\",\"item\":\"https:\\\/\\\/glocurrency.com\\\/\"},{\"@type\":\"ListItem\",\"position\":2,\"name\":\"Career\"}]},{\"@type\":\"WebSite\",\"@id\":\"\\\/#website\",\"url\":\"\\\/\",\"name\":\"Glo Currency\",\"description\":\"Faster &amp; Cheaper Digital Banking Services\",\"publisher\":{\"@id\":\"\\\/#organization\"},\"alternateName\":\"Glo Currency\",\"potentialAction\":[{\"@type\":\"SearchAction\",\"target\":{\"@type\":\"EntryPoint\",\"urlTemplate\":\"\\\/?s={search_term_string}\"},\"query-input\":{\"@type\":\"PropertyValueSpecification\",\"valueRequired\":true,\"valueName\":\"search_term_string\"}}],\"inLanguage\":\"fr-FR\"},{\"@type\":\"Organization\",\"@id\":\"\\\/#organization\",\"name\":\"Glo Currency\",\"alternateName\":\"Glo Currency\",\"url\":\"\\\/\",\"logo\":{\"@type\":\"ImageObject\",\"inLanguage\":\"fr-FR\",\"@id\":\"\\\/#\\\/schema\\\/logo\\\/image\\\/\",\"url\":\"http:\\\/\\\/dev-www.glocurrency.com\\\/wp-content\\\/uploads\\\/2023\\\/06\\\/Favicon.webp\",\"contentUrl\":\"http:\\\/\\\/dev-www.glocurrency.com\\\/wp-content\\\/uploads\\\/2023\\\/06\\\/Favicon.webp\",\"width\":500,\"height\":500,\"caption\":\"Glo Currency\"},\"image\":{\"@id\":\"\\\/#\\\/schema\\\/logo\\\/image\\\/\"},\"sameAs\":[\"https:\\\/\\\/www.facebook.com\\\/GloCurrency\",\"https:\\\/\\\/www.instagram.com\\\/glo.currency\\\/\"]}]}<\/script>\n<!-- \/ Yoast SEO plugin. -->","yoast_head_json":{"title":"Career - Glo Currency","description":"Join our ever-growing team at Glo Currency. Visit our careers page and find out which role you qualify for.","robots":{"index":"index","follow":"follow","max-snippet":"max-snippet:-1","max-image-preview":"max-image-preview:large","max-video-preview":"max-video-preview:-1"},"canonical":"https:\/\/glocurrency.com\/fr\/career\/","og_locale":"fr_FR","og_type":"article","og_title":"Career - Glo Currency","og_description":"Join our ever-growing team at Glo Currency. Visit our careers page and find out which role you qualify for.","og_url":"https:\/\/glocurrency.com\/fr\/career\/","og_site_name":"Glo Currency","article_publisher":"https:\/\/www.facebook.com\/GloCurrency","article_modified_time":"2023-07-31T23:07:34+00:00","og_image":[{"width":2560,"height":2556,"url":"https:\/\/glocurrency.com\/wp-content\/uploads\/2023\/07\/Site-Image_2-01-scaled.webp","type":"image\/webp"}],"twitter_card":"summary_large_image","twitter_misc":{"Dur\u00e9e de lecture estim\u00e9e":"1 minute"},"schema":{"@context":"https:\/\/schema.org","@graph":[{"@type":"WebPage","@id":"https:\/\/glocurrency.com\/career\/","url":"https:\/\/glocurrency.com\/career\/","name":"Career - Glo Currency","isPartOf":{"@id":"\/#website"},"primaryImageOfPage":{"@id":"https:\/\/glocurrency.com\/career\/#primaryimage"},"image":{"@id":"https:\/\/glocurrency.com\/career\/#primaryimage"},"thumbnailUrl":"https:\/\/glocurrency.com\/wp-content\/uploads\/2023\/07\/Site-Image_2-01-scaled.webp","datePublished":"2023-06-28T22:18:37+00:00","dateModified":"2023-07-31T23:07:34+00:00","description":"Join our ever-growing team at Glo Currency. Visit our careers page and find out which role you qualify for.","breadcrumb":{"@id":"https:\/\/glocurrency.com\/career\/#breadcrumb"},"inLanguage":"fr-FR","potentialAction":[{"@type":"ReadAction","target":["https:\/\/glocurrency.com\/career\/"]}]},{"@type":"ImageObject","inLanguage":"fr-FR","@id":"https:\/\/glocurrency.com\/career\/#primaryimage","url":"https:\/\/glocurrency.com\/wp-content\/uploads\/2023\/07\/Site-Image_2-01-scaled.webp","contentUrl":"https:\/\/glocurrency.com\/wp-content\/uploads\/2023\/07\/Site-Image_2-01-scaled.webp","width":2560,"height":2556,"caption":"Save money on transfers & payments at great rates in multiple currencies. Glo Currency will help you make payments to anywhere on the globe."},{"@type":"BreadcrumbList","@id":"https:\/\/glocurrency.com\/career\/#breadcrumb","itemListElement":[{"@type":"ListItem","position":1,"name":"Home","item":"https:\/\/glocurrency.com\/"},{"@type":"ListItem","position":2,"name":"Career"}]},{"@type":"WebSite","@id":"\/#website","url":"\/","name":"Devise Glo","description":"Faster &amp; Cheaper Digital Banking Services","publisher":{"@id":"\/#organization"},"alternateName":"Glo Currency","potentialAction":[{"@type":"SearchAction","target":{"@type":"EntryPoint","urlTemplate":"\/?s={search_term_string}"},"query-input":{"@type":"PropertyValueSpecification","valueRequired":true,"valueName":"search_term_string"}}],"inLanguage":"fr-FR"},{"@type":"Organization","@id":"\/#organization","name":"Devise Glo","alternateName":"Glo Currency","url":"\/","logo":{"@type":"ImageObject","inLanguage":"fr-FR","@id":"\/#\/schema\/logo\/image\/","url":"http:\/\/dev-www.glocurrency.com\/wp-content\/uploads\/2023\/06\/Favicon.webp","contentUrl":"http:\/\/dev-www.glocurrency.com\/wp-content\/uploads\/2023\/06\/Favicon.webp","width":500,"height":500,"caption":"Glo Currency"},"image":{"@id":"\/#\/schema\/logo\/image\/"},"sameAs":["https:\/\/www.facebook.com\/GloCurrency","https:\/\/www.instagram.com\/glo.currency\/"]}]}},"_links":{"self":[{"href":"https:\/\/glocurrency.com\/fr\/wp-json\/wp\/v2\/pages\/1382","targetHints":{"allow":["GET"]}}],"collection":[{"href":"https:\/\/glocurrency.com\/fr\/wp-json\/wp\/v2\/pages"}],"about":[{"href":"https:\/\/glocurrency.com\/fr\/wp-json\/wp\/v2\/types\/page"}],"author":[{"embeddable":true,"href":"https:\/\/glocurrency.com\/fr\/wp-json\/wp\/v2\/users\/1"}],"replies":[{"embeddable":true,"href":"https:\/\/glocurrency.com\/fr\/wp-json\/wp\/v2\/comments?post=1382"}],"version-history":[{"count":12,"href":"https:\/\/glocurrency.com\/fr\/wp-json\/wp\/v2\/pages\/1382\/revisions"}],"predecessor-version":[{"id":2792,"href":"https:\/\/glocurrency.com\/fr\/wp-json\/wp\/v2\/pages\/1382\/revisions\/2792"}],"wp:featuredmedia":[{"embeddable":true,"href":"https:\/\/glocurrency.com\/fr\/wp-json\/wp\/v2\/media\/2787"}],"wp:attachment":[{"href":"https:\/\/glocurrency.com\/fr\/wp-json\/wp\/v2\/media?parent=1382"}],"curies":[{"name":"wp","href":"https:\/\/api.w.org\/{rel}","templated":true}]}}